{"id":13661,"date":"2025-04-14T18:15:50","date_gmt":"2025-04-14T17:15:50","guid":{"rendered":"https:\/\/testmaris.you2.pl\/order\/"},"modified":"2026-03-15T18:46:29","modified_gmt":"2026-03-15T17:46:29","slug":"order","status":"publish","type":"page","link":"https:\/\/testmaris.you2.pl\/en\/order\/","title":{"rendered":"order"},"content":{"rendered":"<div class=\"woocommerce\"><\/div>\n","protected":false},"excerpt":{"rendered":"","protected":false},"author":3,"featured_media":0,"parent":0,"menu_order":0,"comment_status":"closed","ping_status":"closed","template":"","meta":{"_uag_custom_page_level_css":"","loftloader_page_shortcode":"","site-sidebar-layout":"default","site-content-layout":"","ast-site-content-layout":"","site-content-style":"default","site-sidebar-style":"default","ast-global-header-display":"","ast-banner-title-visibility":"disabled","ast-main-header-display":"","ast-hfb-above-header-display":"","ast-hfb-below-header-display":"","ast-hfb-mobile-header-display":"","site-post-title":"","ast-breadcrumbs-content":"","ast-featured-img":"","footer-sml-layout":"","ast-disable-related-posts":"","theme-transparent-header-meta":"","adv-header-id-meta":"","stick-header-meta":"","header-above-stick-meta":"","header-main-stick-meta":"","header-below-stick-meta":"","astra-migrate-meta-layouts":"default","ast-page-background-enabled":"default","ast-page-background-meta":{"desktop":{"background-color":"var(--ast-global-color-4)","background-image":"","background-repeat":"repeat","background-position":"center center","background-size":"auto","background-attachment":"scroll","background-type":"","background-media":"","overlay-type":"","overlay-color":"","overlay-opacity":"","overlay-gradient":""},"tablet":{"background-color":"","background-image":"","background-repeat":"repeat","background-position":"center center","background-size":"auto","background-attachment":"scroll","background-type":"","background-media":"","overlay-type":"","overlay-color":"","overlay-opacity":"","overlay-gradient":""},"mobile":{"background-color":"","background-image":"","background-repeat":"repeat","background-position":"center center","background-size":"auto","background-attachment":"scroll","background-type":"","background-media":"","overlay-type":"","overlay-color":"","overlay-opacity":"","overlay-gradient":""}},"ast-content-background-meta":{"desktop":{"background-color":"var(--ast-global-color-5)","background-image":"","background-repeat":"repeat","background-position":"center center","background-size":"auto","background-attachment":"scroll","background-type":"","background-media":"","overlay-type":"","overlay-color":"","overlay-opacity":"","overlay-gradient":""},"tablet":{"background-color":"var(--ast-global-color-5)","background-image":"","background-repeat":"repeat","background-position":"center center","background-size":"auto","background-attachment":"scroll","background-type":"","background-media":"","overlay-type":"","overlay-color":"","overlay-opacity":"","overlay-gradient":""},"mobile":{"background-color":"var(--ast-global-color-5)","background-image":"","background-repeat":"repeat","background-position":"center center","background-size":"auto","background-attachment":"scroll","background-type":"","background-media":"","overlay-type":"","overlay-color":"","overlay-opacity":"","overlay-gradient":""}},"footnotes":""},"class_list":["post-13661","page","type-page","status-publish","hentry"],"yoast_head":"<!-- This site is optimized with the Yoast SEO Premium plugin v27.4 (Yoast SEO v27.4) - https:\/\/yoast.com\/product\/yoast-seo-premium-wordpress\/ -->\n<title>order - TEST 2 MARIS<\/title>\n<meta name=\"robots\" content=\"index, follow, max-snippet:-1, max-image-preview:large, max-video-preview:-1\" \/>\n<link rel=\"canonical\" href=\"https:\/\/testmaris.you2.pl\/en\/order\/\" \/>\n<meta property=\"og:locale\" content=\"en_US\" \/>\n<meta property=\"og:type\" content=\"article\" \/>\n<meta property=\"og:title\" content=\"order\" \/>\n<meta property=\"og:url\" content=\"https:\/\/testmaris.you2.pl\/en\/order\/\" \/>\n<meta property=\"og:site_name\" content=\"TEST 2 MARIS\" \/>\n<meta property=\"article:publisher\" content=\"https:\/\/www.facebook.com\/share\/15oHWBWQu2\/?mibextid=wwXIfr\" \/>\n<meta property=\"article:modified_time\" content=\"2026-03-15T17:46:29+00:00\" \/>\n<meta name=\"twitter:card\" content=\"summary_large_image\" \/>\n<script type=\"application\/ld+json\" class=\"yoast-schema-graph\">{\"@context\":\"https:\\\/\\\/schema.org\",\"@graph\":[{\"@type\":\"WebPage\",\"@id\":\"https:\\\/\\\/testmaris.you2.pl\\\/en\\\/order\\\/\",\"url\":\"https:\\\/\\\/testmaris.you2.pl\\\/en\\\/order\\\/\",\"name\":\"order - TEST 2 MARIS\",\"isPartOf\":{\"@id\":\"https:\\\/\\\/testmaris.you2.pl\\\/en\\\/#website\"},\"datePublished\":\"2025-04-14T17:15:50+00:00\",\"dateModified\":\"2026-03-15T17:46:29+00:00\",\"breadcrumb\":{\"@id\":\"https:\\\/\\\/testmaris.you2.pl\\\/en\\\/order\\\/#breadcrumb\"},\"inLanguage\":\"en-US\",\"potentialAction\":[{\"@type\":\"ReadAction\",\"target\":[\"https:\\\/\\\/testmaris.you2.pl\\\/en\\\/order\\\/\"]}]},{\"@type\":\"BreadcrumbList\",\"@id\":\"https:\\\/\\\/testmaris.you2.pl\\\/en\\\/order\\\/#breadcrumb\",\"itemListElement\":[{\"@type\":\"ListItem\",\"position\":1,\"name\":\"Strona g\u0142\u00f3wna\",\"item\":\"https:\\\/\\\/testmaris.you2.pl\\\/en\\\/\"},{\"@type\":\"ListItem\",\"position\":2,\"name\":\"order\"}]},{\"@type\":\"WebSite\",\"@id\":\"https:\\\/\\\/testmaris.you2.pl\\\/en\\\/#website\",\"url\":\"https:\\\/\\\/testmaris.you2.pl\\\/en\\\/\",\"name\":\"Maris Instytut Urody w Gdyni - Rewelacyjny salon kosmetyczny\",\"description\":\"salon kosmetyczny, beaty and wellness w Gdyni\",\"publisher\":{\"@id\":\"https:\\\/\\\/testmaris.you2.pl\\\/en\\\/#organization\"},\"alternateName\":\"Maris Salon kosmetyczny w Gdyni\",\"potentialAction\":[{\"@type\":\"SearchAction\",\"target\":{\"@type\":\"EntryPoint\",\"urlTemplate\":\"https:\\\/\\\/testmaris.you2.pl\\\/en\\\/?s={search_term_string}\"},\"query-input\":{\"@type\":\"PropertyValueSpecification\",\"valueRequired\":true,\"valueName\":\"search_term_string\"}}],\"inLanguage\":\"en-US\"},{\"@type\":\"Organization\",\"@id\":\"https:\\\/\\\/testmaris.you2.pl\\\/en\\\/#organization\",\"name\":\"Maris Instytut Urody - salon kosmetyczny Gdynia\",\"alternateName\":\"Maris Salon kosmetyczny\",\"url\":\"https:\\\/\\\/testmaris.you2.pl\\\/en\\\/\",\"logo\":{\"@type\":\"ImageObject\",\"inLanguage\":\"en-US\",\"@id\":\"https:\\\/\\\/testmaris.you2.pl\\\/en\\\/#\\\/schema\\\/logo\\\/image\\\/\",\"url\":\"https:\\\/\\\/testmaris.you2.pl\\\/wp-content\\\/uploads\\\/2024\\\/12\\\/cropped-Maris_ZNAK_GRAFICZNY-niebieski-e1736692368762.png\",\"contentUrl\":\"https:\\\/\\\/testmaris.you2.pl\\\/wp-content\\\/uploads\\\/2024\\\/12\\\/cropped-Maris_ZNAK_GRAFICZNY-niebieski-e1736692368762.png\",\"width\":100,\"height\":100,\"caption\":\"Maris Instytut Urody - salon kosmetyczny Gdynia\"},\"image\":{\"@id\":\"https:\\\/\\\/testmaris.you2.pl\\\/en\\\/#\\\/schema\\\/logo\\\/image\\\/\"},\"sameAs\":[\"https:\\\/\\\/www.facebook.com\\\/share\\\/15oHWBWQu2\\\/?mibextid=wwXIfr\",\"https:\\\/\\\/www.instagram.com\\\/maris.gdynia\\\/\"],\"description\":\"Salon kosmetyczny w szerok\u0105 ofert\u0105 zabieg\u00f3w g\u0142\u00f3wnie na twarz i cia\u0142o. Pod\u0105\u017camy za trendami w naszej bran\u017cy. Specjalizujemy si\u0119 mi\u0119dzy innymi w takich zabiegach, jak Radiofrekwencja mikroig\u0142owa, Depilacja laserowa, Hifu, Ph Formu\u0142a, czy Black Doll, albo maderoterapia.\",\"email\":\"salon@salonmaris.pl\",\"telephone\":\"+48535853519\"}]}<\/script>\n<!-- \/ Yoast SEO Premium plugin. -->","yoast_head_json":{"title":"order - TEST 2 MARIS","robots":{"index":"index","follow":"follow","max-snippet":"max-snippet:-1","max-image-preview":"max-image-preview:large","max-video-preview":"max-video-preview:-1"},"canonical":"https:\/\/testmaris.you2.pl\/en\/order\/","og_locale":"en_US","og_type":"article","og_title":"order","og_url":"https:\/\/testmaris.you2.pl\/en\/order\/","og_site_name":"TEST 2 MARIS","article_publisher":"https:\/\/www.facebook.com\/share\/15oHWBWQu2\/?mibextid=wwXIfr","article_modified_time":"2026-03-15T17:46:29+00:00","twitter_card":"summary_large_image","schema":{"@context":"https:\/\/schema.org","@graph":[{"@type":"WebPage","@id":"https:\/\/testmaris.you2.pl\/en\/order\/","url":"https:\/\/testmaris.you2.pl\/en\/order\/","name":"order - TEST 2 MARIS","isPartOf":{"@id":"https:\/\/testmaris.you2.pl\/en\/#website"},"datePublished":"2025-04-14T17:15:50+00:00","dateModified":"2026-03-15T17:46:29+00:00","breadcrumb":{"@id":"https:\/\/testmaris.you2.pl\/en\/order\/#breadcrumb"},"inLanguage":"en-US","potentialAction":[{"@type":"ReadAction","target":["https:\/\/testmaris.you2.pl\/en\/order\/"]}]},{"@type":"BreadcrumbList","@id":"https:\/\/testmaris.you2.pl\/en\/order\/#breadcrumb","itemListElement":[{"@type":"ListItem","position":1,"name":"Strona g\u0142\u00f3wna","item":"https:\/\/testmaris.you2.pl\/en\/"},{"@type":"ListItem","position":2,"name":"order"}]},{"@type":"WebSite","@id":"https:\/\/testmaris.you2.pl\/en\/#website","url":"https:\/\/testmaris.you2.pl\/en\/","name":"Maris Instytut Urody w Gdyni - Rewelacyjny salon kosmetyczny","description":"salon kosmetyczny, beaty and wellness w Gdyni","publisher":{"@id":"https:\/\/testmaris.you2.pl\/en\/#organization"},"alternateName":"Maris Salon kosmetyczny w Gdyni","potentialAction":[{"@type":"SearchAction","target":{"@type":"EntryPoint","urlTemplate":"https:\/\/testmaris.you2.pl\/en\/?s={search_term_string}"},"query-input":{"@type":"PropertyValueSpecification","valueRequired":true,"valueName":"search_term_string"}}],"inLanguage":"en-US"},{"@type":"Organization","@id":"https:\/\/testmaris.you2.pl\/en\/#organization","name":"Maris Instytut Urody - salon kosmetyczny Gdynia","alternateName":"Maris Salon kosmetyczny","url":"https:\/\/testmaris.you2.pl\/en\/","logo":{"@type":"ImageObject","inLanguage":"en-US","@id":"https:\/\/testmaris.you2.pl\/en\/#\/schema\/logo\/image\/","url":"https:\/\/testmaris.you2.pl\/wp-content\/uploads\/2024\/12\/cropped-Maris_ZNAK_GRAFICZNY-niebieski-e1736692368762.png","contentUrl":"https:\/\/testmaris.you2.pl\/wp-content\/uploads\/2024\/12\/cropped-Maris_ZNAK_GRAFICZNY-niebieski-e1736692368762.png","width":100,"height":100,"caption":"Maris Instytut Urody - salon kosmetyczny Gdynia"},"image":{"@id":"https:\/\/testmaris.you2.pl\/en\/#\/schema\/logo\/image\/"},"sameAs":["https:\/\/www.facebook.com\/share\/15oHWBWQu2\/?mibextid=wwXIfr","https:\/\/www.instagram.com\/maris.gdynia\/"],"description":"Salon kosmetyczny w szerok\u0105 ofert\u0105 zabieg\u00f3w g\u0142\u00f3wnie na twarz i cia\u0142o. Pod\u0105\u017camy za trendami w naszej bran\u017cy. Specjalizujemy si\u0119 mi\u0119dzy innymi w takich zabiegach, jak Radiofrekwencja mikroig\u0142owa, Depilacja laserowa, Hifu, Ph Formu\u0142a, czy Black Doll, albo maderoterapia.","email":"salon@salonmaris.pl","telephone":"+48535853519"}]}},"uagb_featured_image_src":{"full":false,"thumbnail":false,"medium":false,"medium_large":false,"large":false,"1536x1536":false,"2048x2048":false,"woocommerce_thumbnail":false,"woocommerce_single":false,"woocommerce_gallery_thumbnail":false},"uagb_author_info":{"display_name":"Margot","author_link":"https:\/\/testmaris.you2.pl\/en\/author\/margot\/"},"uagb_comment_info":0,"uagb_excerpt":null,"_links":{"self":[{"href":"https:\/\/testmaris.you2.pl\/en\/wp-json\/wp\/v2\/pages\/13661","targetHints":{"allow":["GET"]}}],"collection":[{"href":"https:\/\/testmaris.you2.pl\/en\/wp-json\/wp\/v2\/pages"}],"about":[{"href":"https:\/\/testmaris.you2.pl\/en\/wp-json\/wp\/v2\/types\/page"}],"author":[{"embeddable":true,"href":"https:\/\/testmaris.you2.pl\/en\/wp-json\/wp\/v2\/users\/3"}],"replies":[{"embeddable":true,"href":"https:\/\/testmaris.you2.pl\/en\/wp-json\/wp\/v2\/comments?post=13661"}],"version-history":[{"count":3,"href":"https:\/\/testmaris.you2.pl\/en\/wp-json\/wp\/v2\/pages\/13661\/revisions"}],"predecessor-version":[{"id":15049,"href":"https:\/\/testmaris.you2.pl\/en\/wp-json\/wp\/v2\/pages\/13661\/revisions\/15049"}],"wp:attachment":[{"href":"https:\/\/testmaris.you2.pl\/en\/wp-json\/wp\/v2\/media?parent=13661"}],"curies":[{"name":"wp","href":"https:\/\/api.w.org\/{rel}","templated":true}]}}