{"id":14905,"date":"2026-03-15T12:54:04","date_gmt":"2026-03-15T11:54:04","guid":{"rendered":"https:\/\/testmaris.you2.pl\/produkt\/figura-system-package-no-3-shortening\/"},"modified":"2026-03-15T17:29:37","modified_gmt":"2026-03-15T16:29:37","slug":"figura-system-package-no-3-shortening","status":"publish","type":"product","link":"https:\/\/testmaris.you2.pl\/en\/produkt\/figura-system-package-no-3-shortening\/","title":{"rendered":"Figura System &#8211; Package No. 3 &#8220;SHORTENING&#8221;"},"content":{"rendered":"","protected":false},"excerpt":{"rendered":"<p id=\"h-bon-bursztynowy\" class=\"has-text-align-left\">An excellent option for people after pregnancy or weight reduction who want to regain skin elasticity and eliminate stretch marks. This package includes <strong><a href=\"https:\/\/testmaris.you2.pl\/en\/vacuum-shape\/\">vacuum shape<\/a><\/strong> i <strong><a href=\"https:\/\/testmaris.you2.pl\/en\/anti-cellulite-iron\/\">anti-cellulite iron<\/a><\/strong> are a great duo for body shaping and improving skin firmness. <strong><a href=\"https:\/\/testmaris.you2.pl\/en\/microneedle-radiofrequency\/\">Micro-needle radiofrequency <\/a><\/strong>stimulates collagen fibers and elastin, so after a series of treatments you will notice <strong>firmer skin<\/strong> and less <strong>visible stretch marks<\/strong>. <\/p>\n<p><strong>Included:<\/strong><\/p>\n<ul class=\"wp-block-list\">\n<li>4 x Vacuum Shape<\/li>\n<li>2 x microneedle radiofrequency<\/li>\n<li>4 x anti-cellulite iron (20 min)<\/li>\n<\/ul>\n","protected":false},"featured_media":14907,"template":"","meta":{"_uag_custom_page_level_css":"","loftloader_page_shortcode":"","site-sidebar-layout":"default","site-content-layout":"","ast-site-content-layout":"default","site-content-style":"default","site-sidebar-style":"default","ast-global-header-display":"","ast-banner-title-visibility":"","ast-main-header-display":"","ast-hfb-above-header-display":"","ast-hfb-below-header-display":"","ast-hfb-mobile-header-display":"","site-post-title":"","ast-breadcrumbs-content":"","ast-featured-img":"","footer-sml-layout":"","ast-disable-related-posts":"","theme-transparent-header-meta":"default","adv-header-id-meta":"","stick-header-meta":"","header-above-stick-meta":"","header-main-stick-meta":"","header-below-stick-meta":"","astra-migrate-meta-layouts":"default","ast-page-background-enabled":"default","ast-page-background-meta":{"desktop":{"background-color":"var(--ast-global-color-4)","background-image":"","background-repeat":"repeat","background-position":"center center","background-size":"auto","background-attachment":"scroll","background-type":"","background-media":"","overlay-type":"","overlay-color":"","overlay-opacity":"","overlay-gradient":""},"tablet":{"background-color":"","background-image":"","background-repeat":"repeat","background-position":"center center","background-size":"auto","background-attachment":"scroll","background-type":"","background-media":"","overlay-type":"","overlay-color":"","overlay-opacity":"","overlay-gradient":""},"mobile":{"background-color":"","background-image":"","background-repeat":"repeat","background-position":"center center","background-size":"auto","background-attachment":"scroll","background-type":"","background-media":"","overlay-type":"","overlay-color":"","overlay-opacity":"","overlay-gradient":""}},"ast-content-background-meta":{"desktop":{"background-color":"var(--ast-global-color-5)","background-image":"","background-repeat":"repeat","background-position":"center center","background-size":"auto","background-attachment":"scroll","background-type":"","background-media":"","overlay-type":"","overlay-color":"","overlay-opacity":"","overlay-gradient":""},"tablet":{"background-color":"var(--ast-global-color-5)","background-image":"","background-repeat":"repeat","background-position":"center center","background-size":"auto","background-attachment":"scroll","background-type":"","background-media":"","overlay-type":"","overlay-color":"","overlay-opacity":"","overlay-gradient":""},"mobile":{"background-color":"var(--ast-global-color-5)","background-image":"","background-repeat":"repeat","background-position":"center center","background-size":"auto","background-attachment":"scroll","background-type":"","background-media":"","overlay-type":"","overlay-color":"","overlay-opacity":"","overlay-gradient":""}}},"product_brand":[],"product_cat":[340],"product_tag":[],"class_list":{"0":"post-14905","1":"product","2":"type-product","3":"status-publish","4":"has-post-thumbnail","6":"product_cat-packages","7":"desktop-align-left","8":"tablet-align-left","9":"mobile-align-center","11":"first","12":"instock","13":"sale","14":"shipping-taxable","15":"purchasable","16":"product-type-simple"},"yoast_head":"<!-- This site is optimized with the Yoast SEO Premium plugin v27.4 (Yoast SEO v27.4) - https:\/\/yoast.com\/product\/yoast-seo-premium-wordpress\/ -->\n<title>Figura System - Package No. 3 &quot;SHORTENING&quot; - TEST 2 MARIS<\/title>\n<meta name=\"robots\" content=\"index, follow, max-snippet:-1, max-image-preview:large, max-video-preview:-1\" \/>\n<link rel=\"canonical\" href=\"https:\/\/testmaris.you2.pl\/en\/produkt\/figura-system-package-no-3-shortening\/\" \/>\n<meta property=\"og:locale\" content=\"en_US\" \/>\n<meta property=\"og:type\" content=\"article\" \/>\n<meta property=\"og:title\" content=\"Figura System - Package No. 3 &quot;SHORTENING&quot;\" \/>\n<meta property=\"og:description\" content=\"An excellent option for people after pregnancy or weight reduction who want to regain skin elasticity and eliminate stretch marks. This package includes vacuum shape i anti-cellulite iron are a great duo for body shaping and improving skin firmness. Micro-needle radiofrequency stimulates collagen fibers and elastin, so after a series of treatments you will notice firmer skin and less visible stretch marks. Included:  4 x Vacuum Shape  2 x microneedle radiofrequency  4 x anti-cellulite iron (20 min)\" \/>\n<meta property=\"og:url\" content=\"https:\/\/testmaris.you2.pl\/en\/produkt\/figura-system-package-no-3-shortening\/\" \/>\n<meta property=\"og:site_name\" content=\"TEST 2 MARIS\" \/>\n<meta property=\"article:publisher\" content=\"https:\/\/www.facebook.com\/share\/15oHWBWQu2\/?mibextid=wwXIfr\" \/>\n<meta property=\"article:modified_time\" content=\"2026-03-15T16:29:37+00:00\" \/>\n<meta property=\"og:image\" content=\"https:\/\/testmaris.you2.pl\/wp-content\/uploads\/2026\/03\/332cc6c0-205d-4e00-86c2-11a02a2f5589.jpg\" \/>\n\t<meta property=\"og:image:width\" content=\"600\" \/>\n\t<meta property=\"og:image:height\" content=\"600\" \/>\n\t<meta property=\"og:image:type\" content=\"image\/jpeg\" \/>\n<meta name=\"twitter:card\" content=\"summary_large_image\" \/>\n<script type=\"application\/ld+json\" class=\"yoast-schema-graph\">{\"@context\":\"https:\\\/\\\/schema.org\",\"@graph\":[{\"@type\":\"WebPage\",\"@id\":\"https:\\\/\\\/testmaris.you2.pl\\\/en\\\/produkt\\\/figura-system-package-no-3-shortening\\\/\",\"url\":\"https:\\\/\\\/testmaris.you2.pl\\\/en\\\/produkt\\\/figura-system-package-no-3-shortening\\\/\",\"name\":\"Figura System - Package No. 3 \\\"SHORTENING\\\" - TEST 2 MARIS\",\"isPartOf\":{\"@id\":\"https:\\\/\\\/testmaris.you2.pl\\\/en\\\/#website\"},\"primaryImageOfPage\":{\"@id\":\"https:\\\/\\\/testmaris.you2.pl\\\/en\\\/produkt\\\/figura-system-package-no-3-shortening\\\/#primaryimage\"},\"image\":{\"@id\":\"https:\\\/\\\/testmaris.you2.pl\\\/en\\\/produkt\\\/figura-system-package-no-3-shortening\\\/#primaryimage\"},\"thumbnailUrl\":\"https:\\\/\\\/testmaris.you2.pl\\\/wp-content\\\/uploads\\\/2026\\\/03\\\/332cc6c0-205d-4e00-86c2-11a02a2f5589.jpg\",\"datePublished\":\"2026-03-15T11:54:04+00:00\",\"dateModified\":\"2026-03-15T16:29:37+00:00\",\"breadcrumb\":{\"@id\":\"https:\\\/\\\/testmaris.you2.pl\\\/en\\\/produkt\\\/figura-system-package-no-3-shortening\\\/#breadcrumb\"},\"inLanguage\":\"en-US\",\"potentialAction\":[{\"@type\":\"ReadAction\",\"target\":[\"https:\\\/\\\/testmaris.you2.pl\\\/en\\\/produkt\\\/figura-system-package-no-3-shortening\\\/\"]}]},{\"@type\":\"ImageObject\",\"inLanguage\":\"en-US\",\"@id\":\"https:\\\/\\\/testmaris.you2.pl\\\/en\\\/produkt\\\/figura-system-package-no-3-shortening\\\/#primaryimage\",\"url\":\"https:\\\/\\\/testmaris.you2.pl\\\/wp-content\\\/uploads\\\/2026\\\/03\\\/332cc6c0-205d-4e00-86c2-11a02a2f5589.jpg\",\"contentUrl\":\"https:\\\/\\\/testmaris.you2.pl\\\/wp-content\\\/uploads\\\/2026\\\/03\\\/332cc6c0-205d-4e00-86c2-11a02a2f5589.jpg\",\"width\":600,\"height\":600,\"caption\":\"on the picture of the female figure, firm and nice skin - as a result of using the package in the promotion - firming treatments\"},{\"@type\":\"BreadcrumbList\",\"@id\":\"https:\\\/\\\/testmaris.you2.pl\\\/en\\\/produkt\\\/figura-system-package-no-3-shortening\\\/#breadcrumb\",\"itemListElement\":[{\"@type\":\"ListItem\",\"position\":1,\"name\":\"Strona g\u0142\u00f3wna\",\"item\":\"https:\\\/\\\/testmaris.you2.pl\\\/en\\\/\"},{\"@type\":\"ListItem\",\"position\":2,\"name\":\"Sklep\",\"item\":\"https:\\\/\\\/testmaris.you2.pl\\\/sklep\\\/\"},{\"@type\":\"ListItem\",\"position\":3,\"name\":\"Figura System &#8211; Package No. 3 &#8220;SHORTENING&#8221;\"}]},{\"@type\":\"WebSite\",\"@id\":\"https:\\\/\\\/testmaris.you2.pl\\\/en\\\/#website\",\"url\":\"https:\\\/\\\/testmaris.you2.pl\\\/en\\\/\",\"name\":\"Maris Instytut Urody w Gdyni - Rewelacyjny salon kosmetyczny\",\"description\":\"salon kosmetyczny, beaty and wellness w Gdyni\",\"publisher\":{\"@id\":\"https:\\\/\\\/testmaris.you2.pl\\\/en\\\/#organization\"},\"alternateName\":\"Maris Salon kosmetyczny w Gdyni\",\"potentialAction\":[{\"@type\":\"SearchAction\",\"target\":{\"@type\":\"EntryPoint\",\"urlTemplate\":\"https:\\\/\\\/testmaris.you2.pl\\\/en\\\/?s={search_term_string}\"},\"query-input\":{\"@type\":\"PropertyValueSpecification\",\"valueRequired\":true,\"valueName\":\"search_term_string\"}}],\"inLanguage\":\"en-US\"},{\"@type\":\"Organization\",\"@id\":\"https:\\\/\\\/testmaris.you2.pl\\\/en\\\/#organization\",\"name\":\"Maris Instytut Urody - salon kosmetyczny Gdynia\",\"alternateName\":\"Maris Salon kosmetyczny\",\"url\":\"https:\\\/\\\/testmaris.you2.pl\\\/en\\\/\",\"logo\":{\"@type\":\"ImageObject\",\"inLanguage\":\"en-US\",\"@id\":\"https:\\\/\\\/testmaris.you2.pl\\\/en\\\/#\\\/schema\\\/logo\\\/image\\\/\",\"url\":\"https:\\\/\\\/testmaris.you2.pl\\\/wp-content\\\/uploads\\\/2024\\\/12\\\/cropped-Maris_ZNAK_GRAFICZNY-niebieski-e1736692368762.png\",\"contentUrl\":\"https:\\\/\\\/testmaris.you2.pl\\\/wp-content\\\/uploads\\\/2024\\\/12\\\/cropped-Maris_ZNAK_GRAFICZNY-niebieski-e1736692368762.png\",\"width\":100,\"height\":100,\"caption\":\"Maris Instytut Urody - salon kosmetyczny Gdynia\"},\"image\":{\"@id\":\"https:\\\/\\\/testmaris.you2.pl\\\/en\\\/#\\\/schema\\\/logo\\\/image\\\/\"},\"sameAs\":[\"https:\\\/\\\/www.facebook.com\\\/share\\\/15oHWBWQu2\\\/?mibextid=wwXIfr\",\"https:\\\/\\\/www.instagram.com\\\/maris.gdynia\\\/\"],\"description\":\"Salon kosmetyczny w szerok\u0105 ofert\u0105 zabieg\u00f3w g\u0142\u00f3wnie na twarz i cia\u0142o. Pod\u0105\u017camy za trendami w naszej bran\u017cy. Specjalizujemy si\u0119 mi\u0119dzy innymi w takich zabiegach, jak Radiofrekwencja mikroig\u0142owa, Depilacja laserowa, Hifu, Ph Formu\u0142a, czy Black Doll, albo maderoterapia.\",\"email\":\"salon@salonmaris.pl\",\"telephone\":\"+48535853519\"}]}<\/script>\n<!-- \/ Yoast SEO Premium plugin. -->","yoast_head_json":{"title":"Figura System - Package No. 3 \"SHORTENING\" - TEST 2 MARIS","robots":{"index":"index","follow":"follow","max-snippet":"max-snippet:-1","max-image-preview":"max-image-preview:large","max-video-preview":"max-video-preview:-1"},"canonical":"https:\/\/testmaris.you2.pl\/en\/produkt\/figura-system-package-no-3-shortening\/","og_locale":"en_US","og_type":"article","og_title":"Figura System - Package No. 3 \"SHORTENING\"","og_description":"An excellent option for people after pregnancy or weight reduction who want to regain skin elasticity and eliminate stretch marks. This package includes vacuum shape i anti-cellulite iron are a great duo for body shaping and improving skin firmness. Micro-needle radiofrequency stimulates collagen fibers and elastin, so after a series of treatments you will notice firmer skin and less visible stretch marks. Included:  4 x Vacuum Shape  2 x microneedle radiofrequency  4 x anti-cellulite iron (20 min)","og_url":"https:\/\/testmaris.you2.pl\/en\/produkt\/figura-system-package-no-3-shortening\/","og_site_name":"TEST 2 MARIS","article_publisher":"https:\/\/www.facebook.com\/share\/15oHWBWQu2\/?mibextid=wwXIfr","article_modified_time":"2026-03-15T16:29:37+00:00","og_image":[{"width":600,"height":600,"url":"https:\/\/testmaris.you2.pl\/wp-content\/uploads\/2026\/03\/332cc6c0-205d-4e00-86c2-11a02a2f5589.jpg","type":"image\/jpeg"}],"twitter_card":"summary_large_image","schema":{"@context":"https:\/\/schema.org","@graph":[{"@type":"WebPage","@id":"https:\/\/testmaris.you2.pl\/en\/produkt\/figura-system-package-no-3-shortening\/","url":"https:\/\/testmaris.you2.pl\/en\/produkt\/figura-system-package-no-3-shortening\/","name":"Figura System - Package No. 3 \"SHORTENING\" - TEST 2 MARIS","isPartOf":{"@id":"https:\/\/testmaris.you2.pl\/en\/#website"},"primaryImageOfPage":{"@id":"https:\/\/testmaris.you2.pl\/en\/produkt\/figura-system-package-no-3-shortening\/#primaryimage"},"image":{"@id":"https:\/\/testmaris.you2.pl\/en\/produkt\/figura-system-package-no-3-shortening\/#primaryimage"},"thumbnailUrl":"https:\/\/testmaris.you2.pl\/wp-content\/uploads\/2026\/03\/332cc6c0-205d-4e00-86c2-11a02a2f5589.jpg","datePublished":"2026-03-15T11:54:04+00:00","dateModified":"2026-03-15T16:29:37+00:00","breadcrumb":{"@id":"https:\/\/testmaris.you2.pl\/en\/produkt\/figura-system-package-no-3-shortening\/#breadcrumb"},"inLanguage":"en-US","potentialAction":[{"@type":"ReadAction","target":["https:\/\/testmaris.you2.pl\/en\/produkt\/figura-system-package-no-3-shortening\/"]}]},{"@type":"ImageObject","inLanguage":"en-US","@id":"https:\/\/testmaris.you2.pl\/en\/produkt\/figura-system-package-no-3-shortening\/#primaryimage","url":"https:\/\/testmaris.you2.pl\/wp-content\/uploads\/2026\/03\/332cc6c0-205d-4e00-86c2-11a02a2f5589.jpg","contentUrl":"https:\/\/testmaris.you2.pl\/wp-content\/uploads\/2026\/03\/332cc6c0-205d-4e00-86c2-11a02a2f5589.jpg","width":600,"height":600,"caption":"on the picture of the female figure, firm and nice skin - as a result of using the package in the promotion - firming treatments"},{"@type":"BreadcrumbList","@id":"https:\/\/testmaris.you2.pl\/en\/produkt\/figura-system-package-no-3-shortening\/#breadcrumb","itemListElement":[{"@type":"ListItem","position":1,"name":"Strona g\u0142\u00f3wna","item":"https:\/\/testmaris.you2.pl\/en\/"},{"@type":"ListItem","position":2,"name":"Sklep","item":"https:\/\/testmaris.you2.pl\/sklep\/"},{"@type":"ListItem","position":3,"name":"Figura System &#8211; Package No. 3 &#8220;SHORTENING&#8221;"}]},{"@type":"WebSite","@id":"https:\/\/testmaris.you2.pl\/en\/#website","url":"https:\/\/testmaris.you2.pl\/en\/","name":"Maris Instytut Urody w Gdyni - Rewelacyjny salon kosmetyczny","description":"salon kosmetyczny, beaty and wellness w Gdyni","publisher":{"@id":"https:\/\/testmaris.you2.pl\/en\/#organization"},"alternateName":"Maris Salon kosmetyczny w Gdyni","potentialAction":[{"@type":"SearchAction","target":{"@type":"EntryPoint","urlTemplate":"https:\/\/testmaris.you2.pl\/en\/?s={search_term_string}"},"query-input":{"@type":"PropertyValueSpecification","valueRequired":true,"valueName":"search_term_string"}}],"inLanguage":"en-US"},{"@type":"Organization","@id":"https:\/\/testmaris.you2.pl\/en\/#organization","name":"Maris Instytut Urody - salon kosmetyczny Gdynia","alternateName":"Maris Salon kosmetyczny","url":"https:\/\/testmaris.you2.pl\/en\/","logo":{"@type":"ImageObject","inLanguage":"en-US","@id":"https:\/\/testmaris.you2.pl\/en\/#\/schema\/logo\/image\/","url":"https:\/\/testmaris.you2.pl\/wp-content\/uploads\/2024\/12\/cropped-Maris_ZNAK_GRAFICZNY-niebieski-e1736692368762.png","contentUrl":"https:\/\/testmaris.you2.pl\/wp-content\/uploads\/2024\/12\/cropped-Maris_ZNAK_GRAFICZNY-niebieski-e1736692368762.png","width":100,"height":100,"caption":"Maris Instytut Urody - salon kosmetyczny Gdynia"},"image":{"@id":"https:\/\/testmaris.you2.pl\/en\/#\/schema\/logo\/image\/"},"sameAs":["https:\/\/www.facebook.com\/share\/15oHWBWQu2\/?mibextid=wwXIfr","https:\/\/www.instagram.com\/maris.gdynia\/"],"description":"Salon kosmetyczny w szerok\u0105 ofert\u0105 zabieg\u00f3w g\u0142\u00f3wnie na twarz i cia\u0142o. Pod\u0105\u017camy za trendami w naszej bran\u017cy. Specjalizujemy si\u0119 mi\u0119dzy innymi w takich zabiegach, jak Radiofrekwencja mikroig\u0142owa, Depilacja laserowa, Hifu, Ph Formu\u0142a, czy Black Doll, albo maderoterapia.","email":"salon@salonmaris.pl","telephone":"+48535853519"}]}},"uagb_featured_image_src":{"full":["https:\/\/testmaris.you2.pl\/wp-content\/uploads\/2026\/03\/332cc6c0-205d-4e00-86c2-11a02a2f5589.jpg",600,600,false],"thumbnail":["https:\/\/testmaris.you2.pl\/wp-content\/uploads\/2026\/03\/332cc6c0-205d-4e00-86c2-11a02a2f5589-300x300.jpg",300,300,true],"medium":["https:\/\/testmaris.you2.pl\/wp-content\/uploads\/2026\/03\/332cc6c0-205d-4e00-86c2-11a02a2f5589.jpg",600,600,false],"medium_large":["https:\/\/testmaris.you2.pl\/wp-content\/uploads\/2026\/03\/332cc6c0-205d-4e00-86c2-11a02a2f5589.jpg",600,600,false],"large":["https:\/\/testmaris.you2.pl\/wp-content\/uploads\/2026\/03\/332cc6c0-205d-4e00-86c2-11a02a2f5589.jpg",600,600,false],"1536x1536":["https:\/\/testmaris.you2.pl\/wp-content\/uploads\/2026\/03\/332cc6c0-205d-4e00-86c2-11a02a2f5589.jpg",600,600,false],"2048x2048":["https:\/\/testmaris.you2.pl\/wp-content\/uploads\/2026\/03\/332cc6c0-205d-4e00-86c2-11a02a2f5589.jpg",600,600,false],"woocommerce_thumbnail":["https:\/\/testmaris.you2.pl\/wp-content\/uploads\/2026\/03\/332cc6c0-205d-4e00-86c2-11a02a2f5589-450x338.jpg",450,338,true],"woocommerce_single":["https:\/\/testmaris.you2.pl\/wp-content\/uploads\/2026\/03\/332cc6c0-205d-4e00-86c2-11a02a2f5589.jpg",600,600,false],"woocommerce_gallery_thumbnail":["https:\/\/testmaris.you2.pl\/wp-content\/uploads\/2026\/03\/332cc6c0-205d-4e00-86c2-11a02a2f5589-100x100.jpg",100,100,true]},"uagb_author_info":{"display_name":"Margot","author_link":"https:\/\/testmaris.you2.pl\/en\/author\/"},"uagb_comment_info":0,"uagb_excerpt":"An excellent option for people after pregnancy or weight reduction who want to regain skin elasticity and eliminate stretch marks. This package includes vacuum shape i anti-cellulite iron are a great duo for body shaping and improving skin firmness. Micro-needle radiofrequency stimulates collagen fibers and elastin, so after a series of treatments you will notice&hellip;","_links":{"self":[{"href":"https:\/\/testmaris.you2.pl\/en\/wp-json\/wp\/v2\/product\/14905","targetHints":{"allow":["GET"]}}],"collection":[{"href":"https:\/\/testmaris.you2.pl\/en\/wp-json\/wp\/v2\/product"}],"about":[{"href":"https:\/\/testmaris.you2.pl\/en\/wp-json\/wp\/v2\/types\/product"}],"wp:featuredmedia":[{"embeddable":true,"href":"https:\/\/testmaris.you2.pl\/en\/wp-json\/wp\/v2\/media\/14907"}],"wp:attachment":[{"href":"https:\/\/testmaris.you2.pl\/en\/wp-json\/wp\/v2\/media?parent=14905"}],"wp:term":[{"taxonomy":"product_brand","embeddable":true,"href":"https:\/\/testmaris.you2.pl\/en\/wp-json\/wp\/v2\/product_brand?post=14905"},{"taxonomy":"product_cat","embeddable":true,"href":"https:\/\/testmaris.you2.pl\/en\/wp-json\/wp\/v2\/product_cat?post=14905"},{"taxonomy":"product_tag","embeddable":true,"href":"https:\/\/testmaris.you2.pl\/en\/wp-json\/wp\/v2\/product_tag?post=14905"}],"curies":[{"name":"wp","href":"https:\/\/api.w.org\/{rel}","templated":true}]}}