{"id":14919,"date":"2026-03-15T13:21:52","date_gmt":"2026-03-15T12:21:52","guid":{"rendered":"https:\/\/testmaris.you2.pl\/produkt\/cryoshock-package-of-3-treatments\/"},"modified":"2026-03-15T17:42:27","modified_gmt":"2026-03-15T16:42:27","slug":"cryoshock-package-of-3-treatments","status":"publish","type":"product","link":"https:\/\/testmaris.you2.pl\/en\/produkt\/cryoshock-package-of-3-treatments\/","title":{"rendered":"CryoShock &#8211; package of 3 treatments"},"content":{"rendered":"","protected":false},"excerpt":{"rendered":"<p>We melt fat like butter &#8211; literally and without exaggeration. <a href=\"https:\/\/testmaris.you2.pl\/en\/cryo-shock\/\"><strong>KrioShock<\/strong> <\/a>is a treatment that works where diet and training often spread their hands helplessly. The combination of intense cold with an acoustic wave hits the most resistant folds, shaping the figure quickly, painlessly and without any recovery. <\/p>\n<p>It is a modern technology that combines two powerful mechanisms:<br \/>\n<strong><a href=\"https:\/\/testmaris.you2.pl\/en\/contrast-cryolipolysis\/\">Contrast cryolipolysis<\/a> (cold + heat)<\/strong> and <a href=\"https:\/\/testmaris.you2.pl\/en\/acoustic-wave\/\"><strong>acoustic wave<\/strong>.<\/a> The cold destroys fat cells, the heat stimulates the skin, and the acoustic wave breaks down what hasn&#8217;t wanted to move in years.<\/p>\n<p>As a result:<\/p>\n<ul>\n<li>Fat disappears<\/li>\n<li>Skin gets smoother<\/li>\n<li>The silhouette slims down,<\/li>\n<li>And cellulite is losing ground.<\/li>\n<\/ul>\n<p>It&#8217;s the perfect treatment for the abdomen, flanks, thighs, arms and all those places we say, &#8220;I do everything and it&#8217;s still here.&#8221;<\/p>\n","protected":false},"featured_media":14920,"template":"","meta":{"_uag_custom_page_level_css":"","loftloader_page_shortcode":"","site-sidebar-layout":"default","site-content-layout":"","ast-site-content-layout":"default","site-content-style":"default","site-sidebar-style":"default","ast-global-header-display":"","ast-banner-title-visibility":"","ast-main-header-display":"","ast-hfb-above-header-display":"","ast-hfb-below-header-display":"","ast-hfb-mobile-header-display":"","site-post-title":"","ast-breadcrumbs-content":"","ast-featured-img":"","footer-sml-layout":"","ast-disable-related-posts":"","theme-transparent-header-meta":"default","adv-header-id-meta":"","stick-header-meta":"","header-above-stick-meta":"","header-main-stick-meta":"","header-below-stick-meta":"","astra-migrate-meta-layouts":"default","ast-page-background-enabled":"default","ast-page-background-meta":{"desktop":{"background-color":"var(--ast-global-color-4)","background-image":"","background-repeat":"repeat","background-position":"center center","background-size":"auto","background-attachment":"scroll","background-type":"","background-media":"","overlay-type":"","overlay-color":"","overlay-opacity":"","overlay-gradient":""},"tablet":{"background-color":"","background-image":"","background-repeat":"repeat","background-position":"center center","background-size":"auto","background-attachment":"scroll","background-type":"","background-media":"","overlay-type":"","overlay-color":"","overlay-opacity":"","overlay-gradient":""},"mobile":{"background-color":"","background-image":"","background-repeat":"repeat","background-position":"center center","background-size":"auto","background-attachment":"scroll","background-type":"","background-media":"","overlay-type":"","overlay-color":"","overlay-opacity":"","overlay-gradient":""}},"ast-content-background-meta":{"desktop":{"background-color":"var(--ast-global-color-5)","background-image":"","background-repeat":"repeat","background-position":"center center","background-size":"auto","background-attachment":"scroll","background-type":"","background-media":"","overlay-type":"","overlay-color":"","overlay-opacity":"","overlay-gradient":""},"tablet":{"background-color":"var(--ast-global-color-5)","background-image":"","background-repeat":"repeat","background-position":"center center","background-size":"auto","background-attachment":"scroll","background-type":"","background-media":"","overlay-type":"","overlay-color":"","overlay-opacity":"","overlay-gradient":""},"mobile":{"background-color":"var(--ast-global-color-5)","background-image":"","background-repeat":"repeat","background-position":"center center","background-size":"auto","background-attachment":"scroll","background-type":"","background-media":"","overlay-type":"","overlay-color":"","overlay-opacity":"","overlay-gradient":""}}},"product_brand":[],"product_cat":[340],"product_tag":[],"class_list":{"0":"post-14919","1":"product","2":"type-product","3":"status-publish","4":"has-post-thumbnail","6":"product_cat-packages","7":"desktop-align-left","8":"tablet-align-left","9":"mobile-align-center","11":"first","12":"instock","13":"sale","14":"shipping-taxable","15":"purchasable","16":"product-type-simple"},"yoast_head":"<!-- This site is optimized with the Yoast SEO Premium plugin v27.4 (Yoast SEO v27.4) - https:\/\/yoast.com\/product\/yoast-seo-premium-wordpress\/ -->\n<title>CryoShock - package of 3 treatments - TEST 2 MARIS<\/title>\n<meta name=\"robots\" content=\"index, follow, max-snippet:-1, max-image-preview:large, max-video-preview:-1\" \/>\n<link rel=\"canonical\" href=\"https:\/\/testmaris.you2.pl\/en\/produkt\/cryoshock-package-of-3-treatments\/\" \/>\n<meta property=\"og:locale\" content=\"en_US\" \/>\n<meta property=\"og:type\" content=\"article\" \/>\n<meta property=\"og:title\" content=\"CryoShock - package of 3 treatments\" \/>\n<meta property=\"og:description\" content=\"We melt fat like butter - literally and without exaggeration. KrioShock is a treatment that works where diet and training often spread their hands helplessly. The combination of intense cold with an acoustic wave hits the most resistant folds, shaping the figure quickly, painlessly and without any recovery.  It is a modern technology that combines two powerful mechanisms: Contrast cryolipolysis (cold + heat) and acoustic wave. The cold destroys fat cells, the heat stimulates the skin, and the acoustic wave breaks down what hasn&#039;t wanted to move in years. As a result:  Fat disappears  Skin gets smoother  The silhouette slims down,  And cellulite is losing ground. It&#039;s the perfect treatment for the abdomen, flanks, thighs, arms and all those places we say, &quot;I do everything and it&#039;s still here.&quot;\" \/>\n<meta property=\"og:url\" content=\"https:\/\/testmaris.you2.pl\/en\/produkt\/cryoshock-package-of-3-treatments\/\" \/>\n<meta property=\"og:site_name\" content=\"TEST 2 MARIS\" \/>\n<meta property=\"article:publisher\" content=\"https:\/\/www.facebook.com\/share\/15oHWBWQu2\/?mibextid=wwXIfr\" \/>\n<meta property=\"article:modified_time\" content=\"2026-03-15T16:42:27+00:00\" \/>\n<meta property=\"og:image\" content=\"https:\/\/testmaris.you2.pl\/wp-content\/uploads\/2026\/03\/pakiet-krioshock.jpg\" \/>\n\t<meta property=\"og:image:width\" content=\"600\" \/>\n\t<meta property=\"og:image:height\" content=\"600\" \/>\n\t<meta property=\"og:image:type\" content=\"image\/jpeg\" \/>\n<meta name=\"twitter:card\" content=\"summary_large_image\" \/>\n<script type=\"application\/ld+json\" class=\"yoast-schema-graph\">{\"@context\":\"https:\\\/\\\/schema.org\",\"@graph\":[{\"@type\":\"WebPage\",\"@id\":\"https:\\\/\\\/testmaris.you2.pl\\\/en\\\/produkt\\\/cryoshock-package-of-3-treatments\\\/\",\"url\":\"https:\\\/\\\/testmaris.you2.pl\\\/en\\\/produkt\\\/cryoshock-package-of-3-treatments\\\/\",\"name\":\"CryoShock - package of 3 treatments - TEST 2 MARIS\",\"isPartOf\":{\"@id\":\"https:\\\/\\\/testmaris.you2.pl\\\/en\\\/#website\"},\"primaryImageOfPage\":{\"@id\":\"https:\\\/\\\/testmaris.you2.pl\\\/en\\\/produkt\\\/cryoshock-package-of-3-treatments\\\/#primaryimage\"},\"image\":{\"@id\":\"https:\\\/\\\/testmaris.you2.pl\\\/en\\\/produkt\\\/cryoshock-package-of-3-treatments\\\/#primaryimage\"},\"thumbnailUrl\":\"https:\\\/\\\/testmaris.you2.pl\\\/wp-content\\\/uploads\\\/2026\\\/03\\\/pakiet-krioshock.jpg\",\"datePublished\":\"2026-03-15T12:21:52+00:00\",\"dateModified\":\"2026-03-15T16:42:27+00:00\",\"breadcrumb\":{\"@id\":\"https:\\\/\\\/testmaris.you2.pl\\\/en\\\/produkt\\\/cryoshock-package-of-3-treatments\\\/#breadcrumb\"},\"inLanguage\":\"en-US\",\"potentialAction\":[{\"@type\":\"ReadAction\",\"target\":[\"https:\\\/\\\/testmaris.you2.pl\\\/en\\\/produkt\\\/cryoshock-package-of-3-treatments\\\/\"]}]},{\"@type\":\"ImageObject\",\"inLanguage\":\"en-US\",\"@id\":\"https:\\\/\\\/testmaris.you2.pl\\\/en\\\/produkt\\\/cryoshock-package-of-3-treatments\\\/#primaryimage\",\"url\":\"https:\\\/\\\/testmaris.you2.pl\\\/wp-content\\\/uploads\\\/2026\\\/03\\\/pakiet-krioshock.jpg\",\"contentUrl\":\"https:\\\/\\\/testmaris.you2.pl\\\/wp-content\\\/uploads\\\/2026\\\/03\\\/pakiet-krioshock.jpg\",\"width\":600,\"height\":600,\"caption\":\"package promotion for 3 cryoshock treatments - ice cubes pictured - cold effect\"},{\"@type\":\"BreadcrumbList\",\"@id\":\"https:\\\/\\\/testmaris.you2.pl\\\/en\\\/produkt\\\/cryoshock-package-of-3-treatments\\\/#breadcrumb\",\"itemListElement\":[{\"@type\":\"ListItem\",\"position\":1,\"name\":\"Strona g\u0142\u00f3wna\",\"item\":\"https:\\\/\\\/testmaris.you2.pl\\\/en\\\/\"},{\"@type\":\"ListItem\",\"position\":2,\"name\":\"Sklep\",\"item\":\"https:\\\/\\\/testmaris.you2.pl\\\/sklep\\\/\"},{\"@type\":\"ListItem\",\"position\":3,\"name\":\"CryoShock &#8211; package of 3 treatments\"}]},{\"@type\":\"WebSite\",\"@id\":\"https:\\\/\\\/testmaris.you2.pl\\\/en\\\/#website\",\"url\":\"https:\\\/\\\/testmaris.you2.pl\\\/en\\\/\",\"name\":\"Maris Instytut Urody w Gdyni - Rewelacyjny salon kosmetyczny\",\"description\":\"salon kosmetyczny, beaty and wellness w Gdyni\",\"publisher\":{\"@id\":\"https:\\\/\\\/testmaris.you2.pl\\\/en\\\/#organization\"},\"alternateName\":\"Maris Salon kosmetyczny w Gdyni\",\"potentialAction\":[{\"@type\":\"SearchAction\",\"target\":{\"@type\":\"EntryPoint\",\"urlTemplate\":\"https:\\\/\\\/testmaris.you2.pl\\\/en\\\/?s={search_term_string}\"},\"query-input\":{\"@type\":\"PropertyValueSpecification\",\"valueRequired\":true,\"valueName\":\"search_term_string\"}}],\"inLanguage\":\"en-US\"},{\"@type\":\"Organization\",\"@id\":\"https:\\\/\\\/testmaris.you2.pl\\\/en\\\/#organization\",\"name\":\"Maris Instytut Urody - salon kosmetyczny Gdynia\",\"alternateName\":\"Maris Salon kosmetyczny\",\"url\":\"https:\\\/\\\/testmaris.you2.pl\\\/en\\\/\",\"logo\":{\"@type\":\"ImageObject\",\"inLanguage\":\"en-US\",\"@id\":\"https:\\\/\\\/testmaris.you2.pl\\\/en\\\/#\\\/schema\\\/logo\\\/image\\\/\",\"url\":\"https:\\\/\\\/testmaris.you2.pl\\\/wp-content\\\/uploads\\\/2024\\\/12\\\/cropped-Maris_ZNAK_GRAFICZNY-niebieski-e1736692368762.png\",\"contentUrl\":\"https:\\\/\\\/testmaris.you2.pl\\\/wp-content\\\/uploads\\\/2024\\\/12\\\/cropped-Maris_ZNAK_GRAFICZNY-niebieski-e1736692368762.png\",\"width\":100,\"height\":100,\"caption\":\"Maris Instytut Urody - salon kosmetyczny Gdynia\"},\"image\":{\"@id\":\"https:\\\/\\\/testmaris.you2.pl\\\/en\\\/#\\\/schema\\\/logo\\\/image\\\/\"},\"sameAs\":[\"https:\\\/\\\/www.facebook.com\\\/share\\\/15oHWBWQu2\\\/?mibextid=wwXIfr\",\"https:\\\/\\\/www.instagram.com\\\/maris.gdynia\\\/\"],\"description\":\"Salon kosmetyczny w szerok\u0105 ofert\u0105 zabieg\u00f3w g\u0142\u00f3wnie na twarz i cia\u0142o. Pod\u0105\u017camy za trendami w naszej bran\u017cy. Specjalizujemy si\u0119 mi\u0119dzy innymi w takich zabiegach, jak Radiofrekwencja mikroig\u0142owa, Depilacja laserowa, Hifu, Ph Formu\u0142a, czy Black Doll, albo maderoterapia.\",\"email\":\"salon@salonmaris.pl\",\"telephone\":\"+48535853519\"}]}<\/script>\n<!-- \/ Yoast SEO Premium plugin. -->","yoast_head_json":{"title":"CryoShock - package of 3 treatments - TEST 2 MARIS","robots":{"index":"index","follow":"follow","max-snippet":"max-snippet:-1","max-image-preview":"max-image-preview:large","max-video-preview":"max-video-preview:-1"},"canonical":"https:\/\/testmaris.you2.pl\/en\/produkt\/cryoshock-package-of-3-treatments\/","og_locale":"en_US","og_type":"article","og_title":"CryoShock - package of 3 treatments","og_description":"We melt fat like butter - literally and without exaggeration. KrioShock is a treatment that works where diet and training often spread their hands helplessly. The combination of intense cold with an acoustic wave hits the most resistant folds, shaping the figure quickly, painlessly and without any recovery.  It is a modern technology that combines two powerful mechanisms: Contrast cryolipolysis (cold + heat) and acoustic wave. The cold destroys fat cells, the heat stimulates the skin, and the acoustic wave breaks down what hasn't wanted to move in years. As a result:  Fat disappears  Skin gets smoother  The silhouette slims down,  And cellulite is losing ground. It's the perfect treatment for the abdomen, flanks, thighs, arms and all those places we say, \"I do everything and it's still here.\"","og_url":"https:\/\/testmaris.you2.pl\/en\/produkt\/cryoshock-package-of-3-treatments\/","og_site_name":"TEST 2 MARIS","article_publisher":"https:\/\/www.facebook.com\/share\/15oHWBWQu2\/?mibextid=wwXIfr","article_modified_time":"2026-03-15T16:42:27+00:00","og_image":[{"width":600,"height":600,"url":"https:\/\/testmaris.you2.pl\/wp-content\/uploads\/2026\/03\/pakiet-krioshock.jpg","type":"image\/jpeg"}],"twitter_card":"summary_large_image","schema":{"@context":"https:\/\/schema.org","@graph":[{"@type":"WebPage","@id":"https:\/\/testmaris.you2.pl\/en\/produkt\/cryoshock-package-of-3-treatments\/","url":"https:\/\/testmaris.you2.pl\/en\/produkt\/cryoshock-package-of-3-treatments\/","name":"CryoShock - package of 3 treatments - TEST 2 MARIS","isPartOf":{"@id":"https:\/\/testmaris.you2.pl\/en\/#website"},"primaryImageOfPage":{"@id":"https:\/\/testmaris.you2.pl\/en\/produkt\/cryoshock-package-of-3-treatments\/#primaryimage"},"image":{"@id":"https:\/\/testmaris.you2.pl\/en\/produkt\/cryoshock-package-of-3-treatments\/#primaryimage"},"thumbnailUrl":"https:\/\/testmaris.you2.pl\/wp-content\/uploads\/2026\/03\/pakiet-krioshock.jpg","datePublished":"2026-03-15T12:21:52+00:00","dateModified":"2026-03-15T16:42:27+00:00","breadcrumb":{"@id":"https:\/\/testmaris.you2.pl\/en\/produkt\/cryoshock-package-of-3-treatments\/#breadcrumb"},"inLanguage":"en-US","potentialAction":[{"@type":"ReadAction","target":["https:\/\/testmaris.you2.pl\/en\/produkt\/cryoshock-package-of-3-treatments\/"]}]},{"@type":"ImageObject","inLanguage":"en-US","@id":"https:\/\/testmaris.you2.pl\/en\/produkt\/cryoshock-package-of-3-treatments\/#primaryimage","url":"https:\/\/testmaris.you2.pl\/wp-content\/uploads\/2026\/03\/pakiet-krioshock.jpg","contentUrl":"https:\/\/testmaris.you2.pl\/wp-content\/uploads\/2026\/03\/pakiet-krioshock.jpg","width":600,"height":600,"caption":"package promotion for 3 cryoshock treatments - ice cubes pictured - cold effect"},{"@type":"BreadcrumbList","@id":"https:\/\/testmaris.you2.pl\/en\/produkt\/cryoshock-package-of-3-treatments\/#breadcrumb","itemListElement":[{"@type":"ListItem","position":1,"name":"Strona g\u0142\u00f3wna","item":"https:\/\/testmaris.you2.pl\/en\/"},{"@type":"ListItem","position":2,"name":"Sklep","item":"https:\/\/testmaris.you2.pl\/sklep\/"},{"@type":"ListItem","position":3,"name":"CryoShock &#8211; package of 3 treatments"}]},{"@type":"WebSite","@id":"https:\/\/testmaris.you2.pl\/en\/#website","url":"https:\/\/testmaris.you2.pl\/en\/","name":"Maris Instytut Urody w Gdyni - Rewelacyjny salon kosmetyczny","description":"salon kosmetyczny, beaty and wellness w Gdyni","publisher":{"@id":"https:\/\/testmaris.you2.pl\/en\/#organization"},"alternateName":"Maris Salon kosmetyczny w Gdyni","potentialAction":[{"@type":"SearchAction","target":{"@type":"EntryPoint","urlTemplate":"https:\/\/testmaris.you2.pl\/en\/?s={search_term_string}"},"query-input":{"@type":"PropertyValueSpecification","valueRequired":true,"valueName":"search_term_string"}}],"inLanguage":"en-US"},{"@type":"Organization","@id":"https:\/\/testmaris.you2.pl\/en\/#organization","name":"Maris Instytut Urody - salon kosmetyczny Gdynia","alternateName":"Maris Salon kosmetyczny","url":"https:\/\/testmaris.you2.pl\/en\/","logo":{"@type":"ImageObject","inLanguage":"en-US","@id":"https:\/\/testmaris.you2.pl\/en\/#\/schema\/logo\/image\/","url":"https:\/\/testmaris.you2.pl\/wp-content\/uploads\/2024\/12\/cropped-Maris_ZNAK_GRAFICZNY-niebieski-e1736692368762.png","contentUrl":"https:\/\/testmaris.you2.pl\/wp-content\/uploads\/2024\/12\/cropped-Maris_ZNAK_GRAFICZNY-niebieski-e1736692368762.png","width":100,"height":100,"caption":"Maris Instytut Urody - salon kosmetyczny Gdynia"},"image":{"@id":"https:\/\/testmaris.you2.pl\/en\/#\/schema\/logo\/image\/"},"sameAs":["https:\/\/www.facebook.com\/share\/15oHWBWQu2\/?mibextid=wwXIfr","https:\/\/www.instagram.com\/maris.gdynia\/"],"description":"Salon kosmetyczny w szerok\u0105 ofert\u0105 zabieg\u00f3w g\u0142\u00f3wnie na twarz i cia\u0142o. Pod\u0105\u017camy za trendami w naszej bran\u017cy. Specjalizujemy si\u0119 mi\u0119dzy innymi w takich zabiegach, jak Radiofrekwencja mikroig\u0142owa, Depilacja laserowa, Hifu, Ph Formu\u0142a, czy Black Doll, albo maderoterapia.","email":"salon@salonmaris.pl","telephone":"+48535853519"}]}},"uagb_featured_image_src":{"full":["https:\/\/testmaris.you2.pl\/wp-content\/uploads\/2026\/03\/pakiet-krioshock.jpg",600,600,false],"thumbnail":["https:\/\/testmaris.you2.pl\/wp-content\/uploads\/2026\/03\/pakiet-krioshock-300x300.jpg",300,300,true],"medium":["https:\/\/testmaris.you2.pl\/wp-content\/uploads\/2026\/03\/pakiet-krioshock.jpg",600,600,false],"medium_large":["https:\/\/testmaris.you2.pl\/wp-content\/uploads\/2026\/03\/pakiet-krioshock.jpg",600,600,false],"large":["https:\/\/testmaris.you2.pl\/wp-content\/uploads\/2026\/03\/pakiet-krioshock.jpg",600,600,false],"1536x1536":["https:\/\/testmaris.you2.pl\/wp-content\/uploads\/2026\/03\/pakiet-krioshock.jpg",600,600,false],"2048x2048":["https:\/\/testmaris.you2.pl\/wp-content\/uploads\/2026\/03\/pakiet-krioshock.jpg",600,600,false],"woocommerce_thumbnail":["https:\/\/testmaris.you2.pl\/wp-content\/uploads\/2026\/03\/pakiet-krioshock-450x338.jpg",450,338,true],"woocommerce_single":["https:\/\/testmaris.you2.pl\/wp-content\/uploads\/2026\/03\/pakiet-krioshock.jpg",600,600,false],"woocommerce_gallery_thumbnail":["https:\/\/testmaris.you2.pl\/wp-content\/uploads\/2026\/03\/pakiet-krioshock-100x100.jpg",100,100,true]},"uagb_author_info":{"display_name":"Margot","author_link":"https:\/\/testmaris.you2.pl\/en\/author\/"},"uagb_comment_info":0,"uagb_excerpt":"We melt fat like butter - literally and without exaggeration. KrioShock is a treatment that works where diet and training often spread their hands helplessly. The combination of intense cold with an acoustic wave hits the most resistant folds, shaping the figure quickly, painlessly and without any recovery. It is a modern technology that combines&hellip;","_links":{"self":[{"href":"https:\/\/testmaris.you2.pl\/en\/wp-json\/wp\/v2\/product\/14919","targetHints":{"allow":["GET"]}}],"collection":[{"href":"https:\/\/testmaris.you2.pl\/en\/wp-json\/wp\/v2\/product"}],"about":[{"href":"https:\/\/testmaris.you2.pl\/en\/wp-json\/wp\/v2\/types\/product"}],"wp:featuredmedia":[{"embeddable":true,"href":"https:\/\/testmaris.you2.pl\/en\/wp-json\/wp\/v2\/media\/14920"}],"wp:attachment":[{"href":"https:\/\/testmaris.you2.pl\/en\/wp-json\/wp\/v2\/media?parent=14919"}],"wp:term":[{"taxonomy":"product_brand","embeddable":true,"href":"https:\/\/testmaris.you2.pl\/en\/wp-json\/wp\/v2\/product_brand?post=14919"},{"taxonomy":"product_cat","embeddable":true,"href":"https:\/\/testmaris.you2.pl\/en\/wp-json\/wp\/v2\/product_cat?post=14919"},{"taxonomy":"product_tag","embeddable":true,"href":"https:\/\/testmaris.you2.pl\/en\/wp-json\/wp\/v2\/product_tag?post=14919"}],"curies":[{"name":"wp","href":"https:\/\/api.w.org\/{rel}","templated":true}]}}