{"id":14934,"date":"2026-03-15T13:56:45","date_gmt":"2026-03-15T12:56:45","guid":{"rendered":"https:\/\/testmaris.you2.pl\/produkt\/maderotherapy-a-package-of-10-treatments-of-60-min-each\/"},"modified":"2026-03-30T18:24:15","modified_gmt":"2026-03-30T17:24:15","slug":"maderotherapy-a-package-of-10-treatments-of-60-min-each","status":"publish","type":"product","link":"https:\/\/testmaris.you2.pl\/en\/produkt\/maderotherapy-a-package-of-10-treatments-of-60-min-each\/","title":{"rendered":"Maderotherapy &#8211; a package of 10 treatments of 60 min each"},"content":{"rendered":"<h3 data-section-id=\"17kf220\" data-start=\"591\" data-end=\"662\"><strong>Maderotherapy &#8211; natural body contouring and cellulite reduction<\/strong><\/h3>\n<p data-start=\"664\" data-end=\"973\"><a href=\"https:\/\/testmaris.you2.pl\/en\/maderotherapy\/\"><strong>Maderotherapy<\/strong><\/a> in Gdynia at MARIS is an effective, natural method of body shaping that helps reduce cellulite, improve skin firmness and sculpt body contours. The treatment is derived from Colombian massage techniques and uses special wooden tools that intensively stimulate the skin and subcutaneous tissue. <\/p>\n<h3 data-section-id=\"5rbd8m\" data-start=\"980\" data-end=\"1009\"><strong>How does maderotherapy work?<\/strong><\/h3>\n<p data-start=\"1011\" data-end=\"1227\">The therapy begins with a draining massage, which stimulates circulation and promotes the body&#8217;s natural cleansing processes. This is followed by a massage with wooden rollers, which affects the deeper layers of the skin. <\/p>\n<p data-start=\"1229\" data-end=\"1248\">With this treatment:<\/p>\n<ul data-start=\"1249\" data-end=\"1392\">\n<li data-section-id=\"10zfnin\" data-start=\"1249\" data-end=\"1279\">promotes lymphatic drainage<\/li>\n<li data-section-id=\"i3t57v\" data-start=\"1280\" data-end=\"1306\">improves blood circulation<\/li>\n<li data-section-id=\"cvdhi1\" data-start=\"1307\" data-end=\"1349\">helps break down fatty tissue deposits<\/li>\n<li data-section-id=\"1ymrqb1\" data-start=\"1350\" data-end=\"1392\">increases skin tone and elasticity<\/li>\n<\/ul>\n<h3 data-section-id=\"1auk1lu\" data-start=\"1399\" data-end=\"1454\"><strong>Effects &#8211; what can you expect?<\/strong><\/h3>\n<p data-start=\"1456\" data-end=\"1517\">With regular treatments at our office in Gdynia, you can achieve visible and lasting results:<\/p>\n<ul data-start=\"1519\" data-end=\"1671\">\n<li data-section-id=\"7uhed7\" data-start=\"1519\" data-end=\"1540\">smoothing the skin<\/li>\n<li data-section-id=\"kba0mq\" data-start=\"1541\" data-end=\"1579\">reduce the appearance of cellulite<\/li>\n<li data-section-id=\"ysl6f6\" data-start=\"1580\" data-end=\"1612\">improve firmness and tone<\/li>\n<li data-section-id=\"kbvpvz\" data-start=\"1613\" data-end=\"1637\">silhouette slimming<\/li>\n<li data-section-id=\"1povq8f\" data-start=\"1638\" data-end=\"1671\">feeling of lightness and relaxation<\/li>\n<\/ul>\n<p data-start=\"1673\" data-end=\"1720\">The effects deepen with successive sessions.<\/p>\n<h3 data-section-id=\"d6qjem\" data-start=\"1727\" data-end=\"1759\"><strong>Who is maderotherapy for?<\/strong><\/h3>\n<p data-start=\"1761\" data-end=\"1796\">The treatment is recommended for people who:<\/p>\n<ul data-start=\"1797\" data-end=\"1979\">\n<li data-section-id=\"e9m8ha\" data-start=\"1797\" data-end=\"1825\">want to reduce cellulite<\/li>\n<li data-section-id=\"16fiw5e\" data-start=\"1826\" data-end=\"1865\">they care about improving the appearance of the skin<\/li>\n<li data-section-id=\"1gkpq59\" data-start=\"1866\" data-end=\"1916\">are looking for a natural method of body shaping<\/li>\n<li data-section-id=\"26ig8b\" data-start=\"1917\" data-end=\"1979\">experience heaviness in the legs or water retention in the body<\/li>\n<\/ul>\n<h3 data-section-id=\"4zdtbv\" data-start=\"1986\" data-end=\"2005\"><strong>Why is it worth it?<\/strong><\/h3>\n<p data-start=\"2007\" data-end=\"2176\"><a href=\"https:\/\/testmaris.you2.pl\/en\/maderotherapy\/\"><strong>Maderotherapy<\/strong><\/a> combines modeling action with deep relaxation. It relaxes tense muscles, improves mood and allows you to take care of your body in a natural, non-invasive way. <\/p>\n<p data-start=\"2007\" data-end=\"2176\">The treatment is performed in our office in Gdynia, in a calm, seaside atmosphere conducive to relaxation.<\/p>\n<h3 data-section-id=\"pq0es4\" data-start=\"1150\" data-end=\"1183\"><strong>Course of maderotherapy treatment<\/strong><\/h3>\n<p data-start=\"1185\" data-end=\"1445\">The treatment begins with a brief consultation and a preparatory massage to stimulate circulation and prepare the skin for further work. This is followed by a massage using wooden tools selected for the treatment area and individual needs. <\/p>\n<p data-start=\"1447\" data-end=\"1675\">The intensity of the treatment is adjusted to the client&#8217;s feelings, making maderotherapy not only effective, but also comfortable. The whole treatment ends with relaxation elements, which further promote recovery. <\/p>\n<h3 data-start=\"1539\" data-end=\"1578\"><strong data-start=\"1539\" data-end=\"1578\">How often to perform maderotherapy?<\/strong><\/h3>\n<p data-start=\"1580\" data-end=\"1793\">For best results, a series of treatments performed regularly, usually 1-2 times a week, is recommended. The frequency is selected individually, depending on the needs of the skin and the expected results. <\/p>\n<h3 data-start=\"1580\" data-end=\"1793\"><strong>???? FAQ<\/strong><\/h3>\n<h3 data-section-id=\"1qkeffs\" data-start=\"521\" data-end=\"550\">\u2753 Does maderotherapy hurt?<\/h3>\n<p data-start=\"552\" data-end=\"792\">Maderotherapy can be felt, especially at the beginning of a series of treatments or in areas with higher tissue tension. However, the intensity of the massage is always adjusted individually, so that the treatment remains comfortable and safe. <\/p>\n<hr data-start=\"794\" data-end=\"797\">\n<h3 data-section-id=\"1lvkhuk\" data-start=\"799\" data-end=\"862\">\u2753 How many maderotherapy treatments does it take to see results?<\/h3>\n<p data-start=\"864\" data-end=\"1043\">The first results, such as smoothing of the skin or a feeling of lightness, can be seen after just a few treatments. The best results come from a series of 6-10 sessions performed regularly. <\/p>\n<hr data-start=\"1045\" data-end=\"1048\">\n<h3 data-section-id=\"1b30r0c\" data-start=\"1050\" data-end=\"1091\">\u2753 How often to perform maderotherapy?<\/h3>\n<p data-start=\"1093\" data-end=\"1220\">Treatments are most often performed 1-2 times a week. Frequency depends on individual needs and expected results. <\/p>\n<hr data-start=\"1222\" data-end=\"1225\">\n<h3 data-section-id=\"1ynsb08\" data-start=\"1227\" data-end=\"1270\">\u2753 Does maderotherapy help with cellulite?<\/h3>\n<p data-start=\"1272\" data-end=\"1485\">Yes, maderotherapy is one of the most effective natural ways to reduce cellulite. Through intense tissue stimulation, it improves circulation and promotes lymphatic drainage, resulting in smoother skin. <\/p>\n<hr data-start=\"1487\" data-end=\"1490\">\n<h3 data-section-id=\"12yonuy\" data-start=\"1492\" data-end=\"1525\">\u2753 Does maderotherapy lose weight?<\/h3>\n<p data-start=\"1527\" data-end=\"1709\">The treatment is not a method of weight loss, but supports body shaping and reduction of local fat deposits. Best results are achieved when combined with a healthy lifestyle. <\/p>\n<hr data-start=\"1711\" data-end=\"1714\">\n<h3 data-section-id=\"1f3ydoq\" data-start=\"1716\" data-end=\"1765\">\u2753 What are the contraindications to maderotherapy?<\/h3>\n<p data-start=\"1767\" data-end=\"1956\">The main contraindications include inflammation of the skin, cancer, advanced varicose veins, pregnancy and infections of the body. A consultation is always conducted before the procedure.  <\/p>\n","protected":false},"excerpt":{"rendered":"<p data-start=\"59\" data-end=\"379\"><strong><a href=\"https:\/\/testmaris.you2.pl\/en\/maderotherapy\/\">Maderotherapy <\/a><\/strong>is a natural way to reduce cellulite, improve skin firmness and body contouring. The treatment uses special wooden tools that intensively stimulate the skin and promote lymphatic drainage. After just a few sessions, the skin becomes smoother and the body is visibly more sculpted.  <\/p>\n","protected":false},"featured_media":14935,"template":"","meta":{"_uag_custom_page_level_css":"","loftloader_page_shortcode":"","site-sidebar-layout":"default","site-content-layout":"","ast-site-content-layout":"default","site-content-style":"default","site-sidebar-style":"default","ast-global-header-display":"","ast-banner-title-visibility":"","ast-main-header-display":"","ast-hfb-above-header-display":"","ast-hfb-below-header-display":"","ast-hfb-mobile-header-display":"","site-post-title":"","ast-breadcrumbs-content":"","ast-featured-img":"","footer-sml-layout":"","ast-disable-related-posts":"","theme-transparent-header-meta":"default","adv-header-id-meta":"","stick-header-meta":"","header-above-stick-meta":"","header-main-stick-meta":"","header-below-stick-meta":"","astra-migrate-meta-layouts":"default","ast-page-background-enabled":"default","ast-page-background-meta":{"desktop":{"background-color":"var(--ast-global-color-4)","background-image":"","background-repeat":"repeat","background-position":"center center","background-size":"auto","background-attachment":"scroll","background-type":"","background-media":"","overlay-type":"","overlay-color":"","overlay-opacity":"","overlay-gradient":""},"tablet":{"background-color":"","background-image":"","background-repeat":"repeat","background-position":"center center","background-size":"auto","background-attachment":"scroll","background-type":"","background-media":"","overlay-type":"","overlay-color":"","overlay-opacity":"","overlay-gradient":""},"mobile":{"background-color":"","background-image":"","background-repeat":"repeat","background-position":"center center","background-size":"auto","background-attachment":"scroll","background-type":"","background-media":"","overlay-type":"","overlay-color":"","overlay-opacity":"","overlay-gradient":""}},"ast-content-background-meta":{"desktop":{"background-color":"var(--ast-global-color-5)","background-image":"","background-repeat":"repeat","background-position":"center center","background-size":"auto","background-attachment":"scroll","background-type":"","background-media":"","overlay-type":"","overlay-color":"","overlay-opacity":"","overlay-gradient":""},"tablet":{"background-color":"var(--ast-global-color-5)","background-image":"","background-repeat":"repeat","background-position":"center center","background-size":"auto","background-attachment":"scroll","background-type":"","background-media":"","overlay-type":"","overlay-color":"","overlay-opacity":"","overlay-gradient":""},"mobile":{"background-color":"var(--ast-global-color-5)","background-image":"","background-repeat":"repeat","background-position":"center center","background-size":"auto","background-attachment":"scroll","background-type":"","background-media":"","overlay-type":"","overlay-color":"","overlay-opacity":"","overlay-gradient":""}}},"product_brand":[],"product_cat":[340],"product_tag":[],"class_list":{"0":"post-14934","1":"product","2":"type-product","3":"status-publish","4":"has-post-thumbnail","6":"product_cat-packages","7":"desktop-align-left","8":"tablet-align-left","9":"mobile-align-center","11":"first","12":"instock","13":"sale","14":"shipping-taxable","15":"purchasable","16":"product-type-simple"},"yoast_head":"<!-- This site is optimized with the Yoast SEO Premium plugin v27.4 (Yoast SEO v27.4) - https:\/\/yoast.com\/product\/yoast-seo-premium-wordpress\/ -->\n<title>Maderotherapy - Gdynia - cellulite reduction and body shaping<\/title>\n<meta name=\"description\" content=\"Maderotherapy in Gdynia - a natural way to reduce cellulite and improve skin firmness. Model your silhouette and feel lightness. Check out MARIS offer.\" \/>\n<meta name=\"robots\" content=\"index, follow, max-snippet:-1, max-image-preview:large, max-video-preview:-1\" \/>\n<link rel=\"canonical\" href=\"https:\/\/testmaris.you2.pl\/en\/produkt\/maderotherapy-a-package-of-10-treatments-of-60-min-each\/\" \/>\n<meta property=\"og:locale\" content=\"en_US\" \/>\n<meta property=\"og:type\" content=\"article\" \/>\n<meta property=\"og:title\" content=\"Maderotherapy - a package of 10 treatments of 60 min each\" \/>\n<meta property=\"og:description\" content=\"Maderotherapy in Gdynia - a natural way to reduce cellulite and improve skin firmness. Model your silhouette and feel lightness. Check out MARIS offer.\" \/>\n<meta property=\"og:url\" content=\"https:\/\/testmaris.you2.pl\/en\/produkt\/maderotherapy-a-package-of-10-treatments-of-60-min-each\/\" \/>\n<meta property=\"og:site_name\" content=\"TEST 2 MARIS\" \/>\n<meta property=\"article:publisher\" content=\"https:\/\/www.facebook.com\/share\/15oHWBWQu2\/?mibextid=wwXIfr\" \/>\n<meta property=\"article:modified_time\" content=\"2026-03-30T17:24:15+00:00\" \/>\n<meta property=\"og:image\" content=\"https:\/\/testmaris.you2.pl\/wp-content\/uploads\/2026\/03\/60-min.jpg\" \/>\n\t<meta property=\"og:image:width\" content=\"600\" \/>\n\t<meta property=\"og:image:height\" content=\"600\" \/>\n\t<meta property=\"og:image:type\" content=\"image\/jpeg\" \/>\n<meta name=\"twitter:card\" content=\"summary_large_image\" \/>\n<meta name=\"twitter:label1\" content=\"Est. reading time\" \/>\n\t<meta name=\"twitter:data1\" content=\"3 minutes\" \/>\n<script type=\"application\/ld+json\" class=\"yoast-schema-graph\">{\"@context\":\"https:\\\/\\\/schema.org\",\"@graph\":[{\"@type\":\"WebPage\",\"@id\":\"https:\\\/\\\/testmaris.you2.pl\\\/en\\\/produkt\\\/maderotherapy-a-package-of-10-treatments-of-60-min-each\\\/\",\"url\":\"https:\\\/\\\/testmaris.you2.pl\\\/en\\\/produkt\\\/maderotherapy-a-package-of-10-treatments-of-60-min-each\\\/\",\"name\":\"Maderotherapy - Gdynia - cellulite reduction and body shaping\",\"isPartOf\":{\"@id\":\"https:\\\/\\\/testmaris.you2.pl\\\/en\\\/#website\"},\"primaryImageOfPage\":{\"@id\":\"https:\\\/\\\/testmaris.you2.pl\\\/en\\\/produkt\\\/maderotherapy-a-package-of-10-treatments-of-60-min-each\\\/#primaryimage\"},\"image\":{\"@id\":\"https:\\\/\\\/testmaris.you2.pl\\\/en\\\/produkt\\\/maderotherapy-a-package-of-10-treatments-of-60-min-each\\\/#primaryimage\"},\"thumbnailUrl\":\"https:\\\/\\\/testmaris.you2.pl\\\/wp-content\\\/uploads\\\/2026\\\/03\\\/60-min.jpg\",\"datePublished\":\"2026-03-15T12:56:45+00:00\",\"dateModified\":\"2026-03-30T17:24:15+00:00\",\"description\":\"Maderotherapy in Gdynia - a natural way to reduce cellulite and improve skin firmness. Model your silhouette and feel lightness. Check out MARIS offer.\",\"breadcrumb\":{\"@id\":\"https:\\\/\\\/testmaris.you2.pl\\\/en\\\/produkt\\\/maderotherapy-a-package-of-10-treatments-of-60-min-each\\\/#breadcrumb\"},\"inLanguage\":\"en-US\",\"potentialAction\":[{\"@type\":\"ReadAction\",\"target\":[\"https:\\\/\\\/testmaris.you2.pl\\\/en\\\/produkt\\\/maderotherapy-a-package-of-10-treatments-of-60-min-each\\\/\"]}]},{\"@type\":\"ImageObject\",\"inLanguage\":\"en-US\",\"@id\":\"https:\\\/\\\/testmaris.you2.pl\\\/en\\\/produkt\\\/maderotherapy-a-package-of-10-treatments-of-60-min-each\\\/#primaryimage\",\"url\":\"https:\\\/\\\/testmaris.you2.pl\\\/wp-content\\\/uploads\\\/2026\\\/03\\\/60-min.jpg\",\"contentUrl\":\"https:\\\/\\\/testmaris.you2.pl\\\/wp-content\\\/uploads\\\/2026\\\/03\\\/60-min.jpg\",\"width\":600,\"height\":600,\"caption\":\"beautician performs madero massage with a wooden roller on the client's thigh - photo during the procedure\"},{\"@type\":\"BreadcrumbList\",\"@id\":\"https:\\\/\\\/testmaris.you2.pl\\\/en\\\/produkt\\\/maderotherapy-a-package-of-10-treatments-of-60-min-each\\\/#breadcrumb\",\"itemListElement\":[{\"@type\":\"ListItem\",\"position\":1,\"name\":\"Strona g\u0142\u00f3wna\",\"item\":\"https:\\\/\\\/testmaris.you2.pl\\\/en\\\/\"},{\"@type\":\"ListItem\",\"position\":2,\"name\":\"Sklep\",\"item\":\"https:\\\/\\\/testmaris.you2.pl\\\/sklep\\\/\"},{\"@type\":\"ListItem\",\"position\":3,\"name\":\"Maderotherapy &#8211; a package of 10 treatments of 60 min each\"}]},{\"@type\":\"WebSite\",\"@id\":\"https:\\\/\\\/testmaris.you2.pl\\\/en\\\/#website\",\"url\":\"https:\\\/\\\/testmaris.you2.pl\\\/en\\\/\",\"name\":\"Maris Instytut Urody w Gdyni - Rewelacyjny salon kosmetyczny\",\"description\":\"salon kosmetyczny, beaty and wellness w Gdyni\",\"publisher\":{\"@id\":\"https:\\\/\\\/testmaris.you2.pl\\\/en\\\/#organization\"},\"alternateName\":\"Maris Salon kosmetyczny w Gdyni\",\"potentialAction\":[{\"@type\":\"SearchAction\",\"target\":{\"@type\":\"EntryPoint\",\"urlTemplate\":\"https:\\\/\\\/testmaris.you2.pl\\\/en\\\/?s={search_term_string}\"},\"query-input\":{\"@type\":\"PropertyValueSpecification\",\"valueRequired\":true,\"valueName\":\"search_term_string\"}}],\"inLanguage\":\"en-US\"},{\"@type\":\"Organization\",\"@id\":\"https:\\\/\\\/testmaris.you2.pl\\\/en\\\/#organization\",\"name\":\"Maris Instytut Urody - salon kosmetyczny Gdynia\",\"alternateName\":\"Maris Salon kosmetyczny\",\"url\":\"https:\\\/\\\/testmaris.you2.pl\\\/en\\\/\",\"logo\":{\"@type\":\"ImageObject\",\"inLanguage\":\"en-US\",\"@id\":\"https:\\\/\\\/testmaris.you2.pl\\\/en\\\/#\\\/schema\\\/logo\\\/image\\\/\",\"url\":\"https:\\\/\\\/testmaris.you2.pl\\\/wp-content\\\/uploads\\\/2024\\\/12\\\/cropped-Maris_ZNAK_GRAFICZNY-niebieski-e1736692368762.png\",\"contentUrl\":\"https:\\\/\\\/testmaris.you2.pl\\\/wp-content\\\/uploads\\\/2024\\\/12\\\/cropped-Maris_ZNAK_GRAFICZNY-niebieski-e1736692368762.png\",\"width\":100,\"height\":100,\"caption\":\"Maris Instytut Urody - salon kosmetyczny Gdynia\"},\"image\":{\"@id\":\"https:\\\/\\\/testmaris.you2.pl\\\/en\\\/#\\\/schema\\\/logo\\\/image\\\/\"},\"sameAs\":[\"https:\\\/\\\/www.facebook.com\\\/share\\\/15oHWBWQu2\\\/?mibextid=wwXIfr\",\"https:\\\/\\\/www.instagram.com\\\/maris.gdynia\\\/\"],\"description\":\"Salon kosmetyczny w szerok\u0105 ofert\u0105 zabieg\u00f3w g\u0142\u00f3wnie na twarz i cia\u0142o. Pod\u0105\u017camy za trendami w naszej bran\u017cy. Specjalizujemy si\u0119 mi\u0119dzy innymi w takich zabiegach, jak Radiofrekwencja mikroig\u0142owa, Depilacja laserowa, Hifu, Ph Formu\u0142a, czy Black Doll, albo maderoterapia.\",\"email\":\"salon@salonmaris.pl\",\"telephone\":\"+48535853519\"}]}<\/script>\n<!-- \/ Yoast SEO Premium plugin. -->","yoast_head_json":{"title":"Maderotherapy - Gdynia - cellulite reduction and body shaping","description":"Maderotherapy in Gdynia - a natural way to reduce cellulite and improve skin firmness. Model your silhouette and feel lightness. Check out MARIS offer.","robots":{"index":"index","follow":"follow","max-snippet":"max-snippet:-1","max-image-preview":"max-image-preview:large","max-video-preview":"max-video-preview:-1"},"canonical":"https:\/\/testmaris.you2.pl\/en\/produkt\/maderotherapy-a-package-of-10-treatments-of-60-min-each\/","og_locale":"en_US","og_type":"article","og_title":"Maderotherapy - a package of 10 treatments of 60 min each","og_description":"Maderotherapy in Gdynia - a natural way to reduce cellulite and improve skin firmness. Model your silhouette and feel lightness. Check out MARIS offer.","og_url":"https:\/\/testmaris.you2.pl\/en\/produkt\/maderotherapy-a-package-of-10-treatments-of-60-min-each\/","og_site_name":"TEST 2 MARIS","article_publisher":"https:\/\/www.facebook.com\/share\/15oHWBWQu2\/?mibextid=wwXIfr","article_modified_time":"2026-03-30T17:24:15+00:00","og_image":[{"width":600,"height":600,"url":"https:\/\/testmaris.you2.pl\/wp-content\/uploads\/2026\/03\/60-min.jpg","type":"image\/jpeg"}],"twitter_card":"summary_large_image","twitter_misc":{"Est. reading time":"3 minutes"},"schema":{"@context":"https:\/\/schema.org","@graph":[{"@type":"WebPage","@id":"https:\/\/testmaris.you2.pl\/en\/produkt\/maderotherapy-a-package-of-10-treatments-of-60-min-each\/","url":"https:\/\/testmaris.you2.pl\/en\/produkt\/maderotherapy-a-package-of-10-treatments-of-60-min-each\/","name":"Maderotherapy - Gdynia - cellulite reduction and body shaping","isPartOf":{"@id":"https:\/\/testmaris.you2.pl\/en\/#website"},"primaryImageOfPage":{"@id":"https:\/\/testmaris.you2.pl\/en\/produkt\/maderotherapy-a-package-of-10-treatments-of-60-min-each\/#primaryimage"},"image":{"@id":"https:\/\/testmaris.you2.pl\/en\/produkt\/maderotherapy-a-package-of-10-treatments-of-60-min-each\/#primaryimage"},"thumbnailUrl":"https:\/\/testmaris.you2.pl\/wp-content\/uploads\/2026\/03\/60-min.jpg","datePublished":"2026-03-15T12:56:45+00:00","dateModified":"2026-03-30T17:24:15+00:00","description":"Maderotherapy in Gdynia - a natural way to reduce cellulite and improve skin firmness. Model your silhouette and feel lightness. Check out MARIS offer.","breadcrumb":{"@id":"https:\/\/testmaris.you2.pl\/en\/produkt\/maderotherapy-a-package-of-10-treatments-of-60-min-each\/#breadcrumb"},"inLanguage":"en-US","potentialAction":[{"@type":"ReadAction","target":["https:\/\/testmaris.you2.pl\/en\/produkt\/maderotherapy-a-package-of-10-treatments-of-60-min-each\/"]}]},{"@type":"ImageObject","inLanguage":"en-US","@id":"https:\/\/testmaris.you2.pl\/en\/produkt\/maderotherapy-a-package-of-10-treatments-of-60-min-each\/#primaryimage","url":"https:\/\/testmaris.you2.pl\/wp-content\/uploads\/2026\/03\/60-min.jpg","contentUrl":"https:\/\/testmaris.you2.pl\/wp-content\/uploads\/2026\/03\/60-min.jpg","width":600,"height":600,"caption":"beautician performs madero massage with a wooden roller on the client's thigh - photo during the procedure"},{"@type":"BreadcrumbList","@id":"https:\/\/testmaris.you2.pl\/en\/produkt\/maderotherapy-a-package-of-10-treatments-of-60-min-each\/#breadcrumb","itemListElement":[{"@type":"ListItem","position":1,"name":"Strona g\u0142\u00f3wna","item":"https:\/\/testmaris.you2.pl\/en\/"},{"@type":"ListItem","position":2,"name":"Sklep","item":"https:\/\/testmaris.you2.pl\/sklep\/"},{"@type":"ListItem","position":3,"name":"Maderotherapy &#8211; a package of 10 treatments of 60 min each"}]},{"@type":"WebSite","@id":"https:\/\/testmaris.you2.pl\/en\/#website","url":"https:\/\/testmaris.you2.pl\/en\/","name":"Maris Instytut Urody w Gdyni - Rewelacyjny salon kosmetyczny","description":"salon kosmetyczny, beaty and wellness w Gdyni","publisher":{"@id":"https:\/\/testmaris.you2.pl\/en\/#organization"},"alternateName":"Maris Salon kosmetyczny w Gdyni","potentialAction":[{"@type":"SearchAction","target":{"@type":"EntryPoint","urlTemplate":"https:\/\/testmaris.you2.pl\/en\/?s={search_term_string}"},"query-input":{"@type":"PropertyValueSpecification","valueRequired":true,"valueName":"search_term_string"}}],"inLanguage":"en-US"},{"@type":"Organization","@id":"https:\/\/testmaris.you2.pl\/en\/#organization","name":"Maris Instytut Urody - salon kosmetyczny Gdynia","alternateName":"Maris Salon kosmetyczny","url":"https:\/\/testmaris.you2.pl\/en\/","logo":{"@type":"ImageObject","inLanguage":"en-US","@id":"https:\/\/testmaris.you2.pl\/en\/#\/schema\/logo\/image\/","url":"https:\/\/testmaris.you2.pl\/wp-content\/uploads\/2024\/12\/cropped-Maris_ZNAK_GRAFICZNY-niebieski-e1736692368762.png","contentUrl":"https:\/\/testmaris.you2.pl\/wp-content\/uploads\/2024\/12\/cropped-Maris_ZNAK_GRAFICZNY-niebieski-e1736692368762.png","width":100,"height":100,"caption":"Maris Instytut Urody - salon kosmetyczny Gdynia"},"image":{"@id":"https:\/\/testmaris.you2.pl\/en\/#\/schema\/logo\/image\/"},"sameAs":["https:\/\/www.facebook.com\/share\/15oHWBWQu2\/?mibextid=wwXIfr","https:\/\/www.instagram.com\/maris.gdynia\/"],"description":"Salon kosmetyczny w szerok\u0105 ofert\u0105 zabieg\u00f3w g\u0142\u00f3wnie na twarz i cia\u0142o. Pod\u0105\u017camy za trendami w naszej bran\u017cy. Specjalizujemy si\u0119 mi\u0119dzy innymi w takich zabiegach, jak Radiofrekwencja mikroig\u0142owa, Depilacja laserowa, Hifu, Ph Formu\u0142a, czy Black Doll, albo maderoterapia.","email":"salon@salonmaris.pl","telephone":"+48535853519"}]}},"uagb_featured_image_src":{"full":["https:\/\/testmaris.you2.pl\/wp-content\/uploads\/2026\/03\/60-min.jpg",600,600,false],"thumbnail":["https:\/\/testmaris.you2.pl\/wp-content\/uploads\/2026\/03\/60-min-300x300.jpg",300,300,true],"medium":["https:\/\/testmaris.you2.pl\/wp-content\/uploads\/2026\/03\/60-min.jpg",600,600,false],"medium_large":["https:\/\/testmaris.you2.pl\/wp-content\/uploads\/2026\/03\/60-min.jpg",600,600,false],"large":["https:\/\/testmaris.you2.pl\/wp-content\/uploads\/2026\/03\/60-min.jpg",600,600,false],"1536x1536":["https:\/\/testmaris.you2.pl\/wp-content\/uploads\/2026\/03\/60-min.jpg",600,600,false],"2048x2048":["https:\/\/testmaris.you2.pl\/wp-content\/uploads\/2026\/03\/60-min.jpg",600,600,false],"woocommerce_thumbnail":["https:\/\/testmaris.you2.pl\/wp-content\/uploads\/2026\/03\/60-min-450x338.jpg",450,338,true],"woocommerce_single":["https:\/\/testmaris.you2.pl\/wp-content\/uploads\/2026\/03\/60-min.jpg",600,600,false],"woocommerce_gallery_thumbnail":["https:\/\/testmaris.you2.pl\/wp-content\/uploads\/2026\/03\/60-min-100x100.jpg",100,100,true]},"uagb_author_info":{"display_name":"Margot","author_link":"https:\/\/testmaris.you2.pl\/en\/author\/"},"uagb_comment_info":0,"uagb_excerpt":"Maderotherapy is a natural way to reduce cellulite, improve skin firmness and body contouring. The treatment uses special wooden tools that intensively stimulate the skin and promote lymphatic drainage. After just a few sessions, the skin becomes smoother and the body is visibly more sculpted.","_links":{"self":[{"href":"https:\/\/testmaris.you2.pl\/en\/wp-json\/wp\/v2\/product\/14934","targetHints":{"allow":["GET"]}}],"collection":[{"href":"https:\/\/testmaris.you2.pl\/en\/wp-json\/wp\/v2\/product"}],"about":[{"href":"https:\/\/testmaris.you2.pl\/en\/wp-json\/wp\/v2\/types\/product"}],"wp:featuredmedia":[{"embeddable":true,"href":"https:\/\/testmaris.you2.pl\/en\/wp-json\/wp\/v2\/media\/14935"}],"wp:attachment":[{"href":"https:\/\/testmaris.you2.pl\/en\/wp-json\/wp\/v2\/media?parent=14934"}],"wp:term":[{"taxonomy":"product_brand","embeddable":true,"href":"https:\/\/testmaris.you2.pl\/en\/wp-json\/wp\/v2\/product_brand?post=14934"},{"taxonomy":"product_cat","embeddable":true,"href":"https:\/\/testmaris.you2.pl\/en\/wp-json\/wp\/v2\/product_cat?post=14934"},{"taxonomy":"product_tag","embeddable":true,"href":"https:\/\/testmaris.you2.pl\/en\/wp-json\/wp\/v2\/product_tag?post=14934"}],"curies":[{"name":"wp","href":"https:\/\/api.w.org\/{rel}","templated":true}]}}